{"id":2,"date":"2024-10-09T11:09:29","date_gmt":"2024-10-09T11:09:29","guid":{"rendered":"https:\/\/jatorymas.rkinformatika.online\/?page_id=2"},"modified":"2024-10-28T09:08:45","modified_gmt":"2024-10-28T09:08:45","slug":"inicio","status":"publish","type":"page","link":"https:\/\/eanailsstudio.com\/en\/","title":{"rendered":"Home"},"content":{"rendered":"\t\t<div data-elementor-type=\"wp-page\" data-elementor-id=\"2\" class=\"elementor elementor-2\" data-elementor-post-type=\"page\">\n\t\t\t\t\t\t<section class=\"elementor-section elementor-top-section elementor-element elementor-element-5f6402af elementor-section-stretched elementor-section-boxed elementor-section-height-default elementor-section-height-default elementor-invisible\" data-id=\"5f6402af\" data-element_type=\"section\" data-e-type=\"section\" data-settings=\"{&quot;stretch_section&quot;:&quot;section-stretched&quot;,&quot;background_background&quot;:&quot;slideshow&quot;,&quot;background_slideshow_gallery&quot;:[{&quot;id&quot;:1502,&quot;url&quot;:&quot;https:\\\/\\\/eanailsstudio.com\\\/wp-content\\\/uploads\\\/2024\\\/10\\\/imagen-estudio-2-ana-fuentes.jpg&quot;},{&quot;id&quot;:1503,&quot;url&quot;:&quot;https:\\\/\\\/eanailsstudio.com\\\/wp-content\\\/uploads\\\/2024\\\/10\\\/imagen-estudio-3-ana-fuentes.jpg&quot;},{&quot;id&quot;:1504,&quot;url&quot;:&quot;https:\\\/\\\/eanailsstudio.com\\\/wp-content\\\/uploads\\\/2024\\\/10\\\/imagen-estudio-4-ana-fuentes.jpg&quot;}],&quot;background_slideshow_lazyload&quot;:&quot;yes&quot;,&quot;background_slideshow_ken_burns&quot;:&quot;yes&quot;,&quot;animation&quot;:&quot;fadeIn&quot;,&quot;background_slideshow_loop&quot;:&quot;yes&quot;,&quot;background_slideshow_slide_duration&quot;:5000,&quot;background_slideshow_slide_transition&quot;:&quot;fade&quot;,&quot;background_slideshow_transition_duration&quot;:500,&quot;background_slideshow_ken_burns_zoom_direction&quot;:&quot;in&quot;}\">\n\t\t\t\t\t\t\t<div class=\"elementor-background-overlay\"><\/div>\n\t\t\t\t\t\t\t<div class=\"elementor-container elementor-column-gap-default\">\n\t\t\t\t\t<div class=\"elementor-column elementor-col-50 elementor-top-column elementor-element elementor-element-4595f451\" data-id=\"4595f451\" data-element_type=\"column\" data-e-type=\"column\">\n\t\t\t<div class=\"elementor-widget-wrap elementor-element-populated\">\n\t\t\t\t\t\t<div class=\"elementor-element elementor-element-2dd4b01 elementor-invisible elementor-widget elementor-widget-heading\" data-id=\"2dd4b01\" data-element_type=\"widget\" data-e-type=\"widget\" data-settings=\"{&quot;_animation&quot;:&quot;fadeInLeft&quot;}\" data-widget_type=\"heading.default\">\n\t\t\t\t<div class=\"elementor-widget-container\">\n\t\t\t\t\t<h1 class=\"elementor-heading-title elementor-size-default\">Bienvenidas a E.A Nails Studio<\/h1>\t\t\t\t<\/div>\n\t\t\t\t<\/div>\n\t\t\t\t<div class=\"elementor-element elementor-element-490f61e elementor-invisible elementor-widget elementor-widget-text-editor\" data-id=\"490f61e\" data-element_type=\"widget\" data-e-type=\"widget\" data-settings=\"{&quot;_animation&quot;:&quot;fadeInRight&quot;}\" data-widget_type=\"text-editor.default\">\n\t\t\t\t<div class=\"elementor-widget-container\">\n\t\t\t\t\t\t\t\t\t<p>Descubre una experiencia inolvidable donde el arte y el cuidado se entrelazan, porque mereces sentirte \u00fanico y apreciado.<\/p>\t\t\t\t\t\t\t\t<\/div>\n\t\t\t\t<\/div>\n\t\t\t\t<div class=\"elementor-element elementor-element-68b40706 elementor-widget__width-auto elementor-mobile-align-justify elementor-widget-mobile__width-inherit elementor-invisible elementor-widget elementor-widget-button\" data-id=\"68b40706\" data-element_type=\"widget\" data-e-type=\"widget\" data-settings=\"{&quot;_animation&quot;:&quot;fadeInUp&quot;}\" data-widget_type=\"button.default\">\n\t\t\t\t<div class=\"elementor-widget-container\">\n\t\t\t\t\t\t\t\t\t<div class=\"elementor-button-wrapper\">\n\t\t\t\t\t<a class=\"elementor-button elementor-button-link elementor-size-md elementor-animation-hang\" href=\"https:\/\/wa.link\/q1ij0s\" target=\"_blank\">\n\t\t\t\t\t\t<span class=\"elementor-button-content-wrapper\">\n\t\t\t\t\t\t\t\t\t<span class=\"elementor-button-text\">Pedir citas<\/span>\n\t\t\t\t\t<\/span>\n\t\t\t\t\t<\/a>\n\t\t\t\t<\/div>\n\t\t\t\t\t\t\t\t<\/div>\n\t\t\t\t<\/div>\n\t\t\t\t<div class=\"elementor-element elementor-element-13596df6 elementor-widget__width-auto elementor-mobile-align-justify elementor-widget-mobile__width-inherit elementor-invisible elementor-widget elementor-widget-button\" data-id=\"13596df6\" data-element_type=\"widget\" data-e-type=\"widget\" data-settings=\"{&quot;_animation&quot;:&quot;fadeInUp&quot;}\" data-widget_type=\"button.default\">\n\t\t\t\t<div class=\"elementor-widget-container\">\n\t\t\t\t\t\t\t\t\t<div class=\"elementor-button-wrapper\">\n\t\t\t\t\t<a class=\"elementor-button elementor-button-link elementor-size-md elementor-animation-hang\" href=\"https:\/\/eanailsstudio.com\/servicios\/\">\n\t\t\t\t\t\t<span class=\"elementor-button-content-wrapper\">\n\t\t\t\t\t\t\t\t\t<span class=\"elementor-button-text\">saber m\u00e1s<\/span>\n\t\t\t\t\t<\/span>\n\t\t\t\t\t<\/a>\n\t\t\t\t<\/div>\n\t\t\t\t\t\t\t\t<\/div>\n\t\t\t\t<\/div>\n\t\t\t\t\t<\/div>\n\t\t<\/div>\n\t\t\t\t<div class=\"elementor-column elementor-col-50 elementor-top-column elementor-element elementor-element-63f1136\" data-id=\"63f1136\" data-element_type=\"column\" data-e-type=\"column\">\n\t\t\t<div class=\"elementor-widget-wrap elementor-element-populated\">\n\t\t\t\t\t\t<section class=\"elementor-section elementor-inner-section elementor-element elementor-element-102fadb elementor-section-boxed elementor-section-height-default elementor-section-height-default\" data-id=\"102fadb\" data-element_type=\"section\" data-e-type=\"section\">\n\t\t\t\t\t\t<div class=\"elementor-container elementor-column-gap-no\">\n\t\t\t\t\t<div class=\"elementor-column elementor-col-50 elementor-inner-column elementor-element elementor-element-c6e9896\" data-id=\"c6e9896\" data-element_type=\"column\" data-e-type=\"column\">\n\t\t\t<div class=\"elementor-widget-wrap\">\n\t\t\t\t\t\t\t<\/div>\n\t\t<\/div>\n\t\t\t\t<div class=\"elementor-column elementor-col-50 elementor-inner-column elementor-element elementor-element-563e573\" data-id=\"563e573\" data-element_type=\"column\" data-e-type=\"column\">\n\t\t\t<div class=\"elementor-widget-wrap\">\n\t\t\t\t\t\t\t<\/div>\n\t\t<\/div>\n\t\t\t\t\t<\/div>\n\t\t<\/section>\n\t\t\t\t\t<\/div>\n\t\t<\/div>\n\t\t\t\t\t<\/div>\n\t\t<\/section>\n\t\t\t\t<section class=\"elementor-section elementor-top-section elementor-element elementor-element-3587dbf9 elementor-section-stretched elementor-section-boxed elementor-section-height-default elementor-section-height-default\" data-id=\"3587dbf9\" data-element_type=\"section\" data-e-type=\"section\" data-settings=\"{&quot;stretch_section&quot;:&quot;section-stretched&quot;}\">\n\t\t\t\t\t\t<div class=\"elementor-container elementor-column-gap-default\">\n\t\t\t\t\t<div class=\"elementor-column elementor-col-100 elementor-top-column elementor-element elementor-element-b338755\" data-id=\"b338755\" data-element_type=\"column\" data-e-type=\"column\">\n\t\t\t<div class=\"elementor-widget-wrap elementor-element-populated\">\n\t\t\t\t\t\t<section class=\"elementor-section elementor-inner-section elementor-element elementor-element-6d8dc3e3 elementor-section-content-middle elementor-section-boxed elementor-section-height-default elementor-section-height-default\" data-id=\"6d8dc3e3\" data-element_type=\"section\" data-e-type=\"section\" data-settings=\"{&quot;background_background&quot;:&quot;classic&quot;}\">\n\t\t\t\t\t\t<div class=\"elementor-container elementor-column-gap-wider\">\n\t\t\t\t\t<div class=\"elementor-column elementor-col-50 elementor-inner-column elementor-element elementor-element-3448c0c3 elementor-hidden-mobile elementor-invisible\" data-id=\"3448c0c3\" data-element_type=\"column\" data-e-type=\"column\" data-settings=\"{&quot;animation&quot;:&quot;fadeInLeft&quot;,&quot;background_background&quot;:&quot;classic&quot;}\">\n\t\t\t<div class=\"elementor-widget-wrap\">\n\t\t\t\t\t\t\t<\/div>\n\t\t<\/div>\n\t\t\t\t<div class=\"elementor-column elementor-col-50 elementor-inner-column elementor-element elementor-element-43fd68a4 elementor-invisible\" data-id=\"43fd68a4\" data-element_type=\"column\" data-e-type=\"column\" data-settings=\"{&quot;animation&quot;:&quot;fadeInRight&quot;}\">\n\t\t\t<div class=\"elementor-widget-wrap elementor-element-populated\">\n\t\t\t\t\t\t<div class=\"elementor-element elementor-element-bbb106f elementor-hidden-desktop elementor-hidden-tablet elementor-widget elementor-widget-image\" data-id=\"bbb106f\" data-element_type=\"widget\" data-e-type=\"widget\" data-widget_type=\"image.default\">\n\t\t\t\t<div class=\"elementor-widget-container\">\n\t\t\t\t\t\t\t\t\t\t\t\t\t\t\t<img fetchpriority=\"high\" decoding=\"async\" width=\"768\" height=\"1024\" src=\"https:\/\/eanailsstudio.com\/wp-content\/uploads\/2024\/10\/imagen-estudio-1-ana-fuentes-768x1024.jpg\" class=\"attachment-large size-large wp-image-1468\" alt=\"\" srcset=\"https:\/\/eanailsstudio.com\/wp-content\/uploads\/2024\/10\/imagen-estudio-1-ana-fuentes-768x1024.jpg 768w, https:\/\/eanailsstudio.com\/wp-content\/uploads\/2024\/10\/imagen-estudio-1-ana-fuentes-225x300.jpg 225w, https:\/\/eanailsstudio.com\/wp-content\/uploads\/2024\/10\/imagen-estudio-1-ana-fuentes-1152x1536.jpg 1152w, https:\/\/eanailsstudio.com\/wp-content\/uploads\/2024\/10\/imagen-estudio-1-ana-fuentes-9x12.jpg 9w, https:\/\/eanailsstudio.com\/wp-content\/uploads\/2024\/10\/imagen-estudio-1-ana-fuentes.jpg 1200w\" sizes=\"(max-width: 768px) 100vw, 768px\" \/>\t\t\t\t\t\t\t\t\t\t\t\t\t\t\t<\/div>\n\t\t\t\t<\/div>\n\t\t\t\t<div class=\"elementor-element elementor-element-438bf801 elementor-widget elementor-widget-heading\" data-id=\"438bf801\" data-element_type=\"widget\" data-e-type=\"widget\" data-widget_type=\"heading.default\">\n\t\t\t\t<div class=\"elementor-widget-container\">\n\t\t\t\t\t<h2 class=\"elementor-heading-title elementor-size-default\">Mi historia<\/h2>\t\t\t\t<\/div>\n\t\t\t\t<\/div>\n\t\t\t\t<div class=\"elementor-element elementor-element-296356b4 elementor-widget elementor-widget-text-editor\" data-id=\"296356b4\" data-element_type=\"widget\" data-e-type=\"widget\" data-widget_type=\"text-editor.default\">\n\t\t\t\t<div class=\"elementor-widget-container\">\n\t\t\t\t\t\t\t\t\t<p>Imagina entrar en un espacio donde la serenidad de la naturaleza se fusiona con el arte del cuidado personal. Nuestro estudio acogedor, dise\u00f1ado con un toque de aire fresco, te invita a dejar atr\u00e1s el bullicio del mundo exterior y sumergirte en una experiencia de relajaci\u00f3n total.<\/p><p>Desde el momento en que cruzas nuestras puertas, ser\u00e1s recibido por una est\u00e9tica que evoca el encanto del aire libre. Con elementos naturales, colores suaves y una iluminaci\u00f3n c\u00e1lida, hemos creado un ambiente que no solo es visualmente agradable, sino que tambi\u00e9n promueve la calma y la paz interior.<\/p>\t\t\t\t\t\t\t\t<\/div>\n\t\t\t\t<\/div>\n\t\t\t\t\t<\/div>\n\t\t<\/div>\n\t\t\t\t\t<\/div>\n\t\t<\/section>\n\t\t\t\t\t<\/div>\n\t\t<\/div>\n\t\t\t\t\t<\/div>\n\t\t<\/section>\n\t\t\t\t<section class=\"elementor-section elementor-top-section elementor-element elementor-element-138d7d2e elementor-section-content-middle elementor-section-boxed elementor-section-height-default elementor-section-height-default\" data-id=\"138d7d2e\" data-element_type=\"section\" data-e-type=\"section\" data-settings=\"{&quot;background_background&quot;:&quot;classic&quot;}\">\n\t\t\t\t\t\t\t<div class=\"elementor-background-overlay\"><\/div>\n\t\t\t\t\t\t\t<div class=\"elementor-container elementor-column-gap-no\">\n\t\t\t\t\t<div class=\"elementor-column elementor-col-100 elementor-top-column elementor-element elementor-element-3b5f9cc7\" data-id=\"3b5f9cc7\" data-element_type=\"column\" data-e-type=\"column\">\n\t\t\t<div class=\"elementor-widget-wrap elementor-element-populated\">\n\t\t\t\t\t\t<div class=\"elementor-element elementor-element-66777d00 elementor-invisible elementor-widget elementor-widget-heading\" data-id=\"66777d00\" data-element_type=\"widget\" data-e-type=\"widget\" data-settings=\"{&quot;_animation&quot;:&quot;fadeInUp&quot;,&quot;_animation_delay&quot;:200}\" data-widget_type=\"heading.default\">\n\t\t\t\t<div class=\"elementor-widget-container\">\n\t\t\t\t\t<h2 class=\"elementor-heading-title elementor-size-default\">Dale a tus manos el cuidado que merecen. \u00a1Agenda tu cita ya!<\/h2>\t\t\t\t<\/div>\n\t\t\t\t<\/div>\n\t\t\t\t<div class=\"elementor-element elementor-element-237ef690 elementor-align-center elementor-mobile-align-justify elementor-widget__width-initial elementor-widget-mobile__width-inherit elementor-invisible elementor-widget elementor-widget-button\" data-id=\"237ef690\" data-element_type=\"widget\" data-e-type=\"widget\" data-settings=\"{&quot;_animation&quot;:&quot;fadeInUp&quot;}\" data-widget_type=\"button.default\">\n\t\t\t\t<div class=\"elementor-widget-container\">\n\t\t\t\t\t\t\t\t\t<div class=\"elementor-button-wrapper\">\n\t\t\t\t\t<a class=\"elementor-button elementor-button-link elementor-size-md elementor-animation-hang\" href=\"https:\/\/wa.link\/26v56y\" target=\"_blank\">\n\t\t\t\t\t\t<span class=\"elementor-button-content-wrapper\">\n\t\t\t\t\t\t\t\t\t<span class=\"elementor-button-text\">Llamanos<\/span>\n\t\t\t\t\t<\/span>\n\t\t\t\t\t<\/a>\n\t\t\t\t<\/div>\n\t\t\t\t\t\t\t\t<\/div>\n\t\t\t\t<\/div>\n\t\t\t\t\t<\/div>\n\t\t<\/div>\n\t\t\t\t\t<\/div>\n\t\t<\/section>\n\t\t\t\t<\/div>\n\t\t","protected":false},"excerpt":{"rendered":"<p>Bienvenidas a E.A Nails Studio Descubre una experiencia inolvidable donde el arte y el cuidado se entrelazan, porque mereces sentirte \u00fanico y apreciado. Pedir citas saber m\u00e1s Mi historia Imagina entrar en un espacio donde la serenidad de la naturaleza se fusiona con el arte del cuidado personal. Nuestro estudio acogedor, dise\u00f1ado con un toque [&hellip;]<\/p>\n","protected":false},"author":1,"featured_media":0,"parent":0,"menu_order":0,"comment_status":"closed","ping_status":"closed","template":"elementor_canvas","meta":{"footnotes":""},"class_list":["post-2","page","type-page","status-publish","hentry"],"yoast_head":"<!-- This site is optimized with the Yoast SEO plugin v27.3 - https:\/\/yoast.com\/product\/yoast-seo-wordpress\/ -->\n<title>Inicio - E.A Nails Studio<\/title>\n<meta name=\"robots\" content=\"index, follow, max-snippet:-1, max-image-preview:large, max-video-preview:-1\" \/>\n<link rel=\"canonical\" href=\"https:\/\/eanailsstudio.com\/en\/\" \/>\n<meta property=\"og:locale\" content=\"en_GB\" \/>\n<meta property=\"og:type\" content=\"article\" \/>\n<meta property=\"og:title\" content=\"Inicio - E.A Nails Studio\" \/>\n<meta property=\"og:description\" content=\"Bienvenidas a E.A Nails Studio Descubre una experiencia inolvidable donde el arte y el cuidado se entrelazan, porque mereces sentirte \u00fanico y apreciado. Pedir citas saber m\u00e1s Mi historia Imagina entrar en un espacio donde la serenidad de la naturaleza se fusiona con el arte del cuidado personal. Nuestro estudio acogedor, dise\u00f1ado con un toque [&hellip;]\" \/>\n<meta property=\"og:url\" content=\"https:\/\/eanailsstudio.com\/en\/\" \/>\n<meta property=\"og:site_name\" content=\"E.A Nails Studio\" \/>\n<meta property=\"article:modified_time\" content=\"2024-10-28T09:08:45+00:00\" \/>\n<meta property=\"og:image\" content=\"https:\/\/eanailsstudio.com\/wp-content\/uploads\/2024\/10\/imagen-estudio-1-ana-fuentes.jpg\" \/>\n\t<meta property=\"og:image:width\" content=\"1200\" \/>\n\t<meta property=\"og:image:height\" content=\"1600\" \/>\n\t<meta property=\"og:image:type\" content=\"image\/jpeg\" \/>\n<meta name=\"twitter:card\" content=\"summary_large_image\" \/>\n<meta name=\"twitter:label1\" content=\"Estimated reading time\" \/>\n\t<meta name=\"twitter:data1\" content=\"1 minute\" \/>\n<script type=\"application\/ld+json\" class=\"yoast-schema-graph\">{\"@context\":\"https:\\\/\\\/schema.org\",\"@graph\":[{\"@type\":\"WebPage\",\"@id\":\"https:\\\/\\\/eanailsstudio.com\\\/\",\"url\":\"https:\\\/\\\/eanailsstudio.com\\\/\",\"name\":\"Inicio - E.A Nails Studio\",\"isPartOf\":{\"@id\":\"https:\\\/\\\/eanailsstudio.com\\\/#website\"},\"primaryImageOfPage\":{\"@id\":\"https:\\\/\\\/eanailsstudio.com\\\/#primaryimage\"},\"image\":{\"@id\":\"https:\\\/\\\/eanailsstudio.com\\\/#primaryimage\"},\"thumbnailUrl\":\"https:\\\/\\\/eanailsstudio.com\\\/wp-content\\\/uploads\\\/2024\\\/10\\\/imagen-estudio-1-ana-fuentes-768x1024.jpg\",\"datePublished\":\"2024-10-09T11:09:29+00:00\",\"dateModified\":\"2024-10-28T09:08:45+00:00\",\"breadcrumb\":{\"@id\":\"https:\\\/\\\/eanailsstudio.com\\\/#breadcrumb\"},\"inLanguage\":\"en-GB\",\"potentialAction\":[{\"@type\":\"ReadAction\",\"target\":[\"https:\\\/\\\/eanailsstudio.com\\\/\"]}]},{\"@type\":\"ImageObject\",\"inLanguage\":\"en-GB\",\"@id\":\"https:\\\/\\\/eanailsstudio.com\\\/#primaryimage\",\"url\":\"https:\\\/\\\/eanailsstudio.com\\\/wp-content\\\/uploads\\\/2024\\\/10\\\/imagen-estudio-1-ana-fuentes-768x1024.jpg\",\"contentUrl\":\"https:\\\/\\\/eanailsstudio.com\\\/wp-content\\\/uploads\\\/2024\\\/10\\\/imagen-estudio-1-ana-fuentes-768x1024.jpg\"},{\"@type\":\"BreadcrumbList\",\"@id\":\"https:\\\/\\\/eanailsstudio.com\\\/#breadcrumb\",\"itemListElement\":[{\"@type\":\"ListItem\",\"position\":1,\"name\":\"Portada\",\"item\":\"https:\\\/\\\/eanailsstudio.com\\\/\"},{\"@type\":\"ListItem\",\"position\":2,\"name\":\"Inicio\"}]},{\"@type\":\"WebSite\",\"@id\":\"https:\\\/\\\/eanailsstudio.com\\\/#website\",\"url\":\"https:\\\/\\\/eanailsstudio.com\\\/\",\"name\":\"E.A Nails Studio\",\"description\":\"Manicurista y pedicura\",\"publisher\":{\"@id\":\"https:\\\/\\\/eanailsstudio.com\\\/#organization\"},\"potentialAction\":[{\"@type\":\"SearchAction\",\"target\":{\"@type\":\"EntryPoint\",\"urlTemplate\":\"https:\\\/\\\/eanailsstudio.com\\\/?s={search_term_string}\"},\"query-input\":{\"@type\":\"PropertyValueSpecification\",\"valueRequired\":true,\"valueName\":\"search_term_string\"}}],\"inLanguage\":\"en-GB\"},{\"@type\":\"Organization\",\"@id\":\"https:\\\/\\\/eanailsstudio.com\\\/#organization\",\"name\":\"E.A Nails Studio\",\"url\":\"https:\\\/\\\/eanailsstudio.com\\\/\",\"logo\":{\"@type\":\"ImageObject\",\"inLanguage\":\"en-GB\",\"@id\":\"https:\\\/\\\/eanailsstudio.com\\\/#\\\/schema\\\/logo\\\/image\\\/\",\"url\":\"https:\\\/\\\/eanailsstudio.com\\\/wp-content\\\/uploads\\\/2024\\\/10\\\/cropped-cropped-logo-E.A-Nails-studio.png\",\"contentUrl\":\"https:\\\/\\\/eanailsstudio.com\\\/wp-content\\\/uploads\\\/2024\\\/10\\\/cropped-cropped-logo-E.A-Nails-studio.png\",\"width\":512,\"height\":406,\"caption\":\"E.A Nails Studio\"},\"image\":{\"@id\":\"https:\\\/\\\/eanailsstudio.com\\\/#\\\/schema\\\/logo\\\/image\\\/\"}}]}<\/script>\n<!-- \/ Yoast SEO plugin. -->","yoast_head_json":{"title":"Inicio - E.A Nails Studio","robots":{"index":"index","follow":"follow","max-snippet":"max-snippet:-1","max-image-preview":"max-image-preview:large","max-video-preview":"max-video-preview:-1"},"canonical":"https:\/\/eanailsstudio.com\/en\/","og_locale":"en_GB","og_type":"article","og_title":"Inicio - E.A Nails Studio","og_description":"Bienvenidas a E.A Nails Studio Descubre una experiencia inolvidable donde el arte y el cuidado se entrelazan, porque mereces sentirte \u00fanico y apreciado. Pedir citas saber m\u00e1s Mi historia Imagina entrar en un espacio donde la serenidad de la naturaleza se fusiona con el arte del cuidado personal. Nuestro estudio acogedor, dise\u00f1ado con un toque [&hellip;]","og_url":"https:\/\/eanailsstudio.com\/en\/","og_site_name":"E.A Nails Studio","article_modified_time":"2024-10-28T09:08:45+00:00","og_image":[{"width":1200,"height":1600,"url":"https:\/\/eanailsstudio.com\/wp-content\/uploads\/2024\/10\/imagen-estudio-1-ana-fuentes.jpg","type":"image\/jpeg"}],"twitter_card":"summary_large_image","twitter_misc":{"Estimated reading time":"1 minute"},"schema":{"@context":"https:\/\/schema.org","@graph":[{"@type":"WebPage","@id":"https:\/\/eanailsstudio.com\/","url":"https:\/\/eanailsstudio.com\/","name":"Inicio - E.A Nails Studio","isPartOf":{"@id":"https:\/\/eanailsstudio.com\/#website"},"primaryImageOfPage":{"@id":"https:\/\/eanailsstudio.com\/#primaryimage"},"image":{"@id":"https:\/\/eanailsstudio.com\/#primaryimage"},"thumbnailUrl":"https:\/\/eanailsstudio.com\/wp-content\/uploads\/2024\/10\/imagen-estudio-1-ana-fuentes-768x1024.jpg","datePublished":"2024-10-09T11:09:29+00:00","dateModified":"2024-10-28T09:08:45+00:00","breadcrumb":{"@id":"https:\/\/eanailsstudio.com\/#breadcrumb"},"inLanguage":"en-GB","potentialAction":[{"@type":"ReadAction","target":["https:\/\/eanailsstudio.com\/"]}]},{"@type":"ImageObject","inLanguage":"en-GB","@id":"https:\/\/eanailsstudio.com\/#primaryimage","url":"https:\/\/eanailsstudio.com\/wp-content\/uploads\/2024\/10\/imagen-estudio-1-ana-fuentes-768x1024.jpg","contentUrl":"https:\/\/eanailsstudio.com\/wp-content\/uploads\/2024\/10\/imagen-estudio-1-ana-fuentes-768x1024.jpg"},{"@type":"BreadcrumbList","@id":"https:\/\/eanailsstudio.com\/#breadcrumb","itemListElement":[{"@type":"ListItem","position":1,"name":"Portada","item":"https:\/\/eanailsstudio.com\/"},{"@type":"ListItem","position":2,"name":"Inicio"}]},{"@type":"WebSite","@id":"https:\/\/eanailsstudio.com\/#website","url":"https:\/\/eanailsstudio.com\/","name":"E.A Nails Studio","description":"Manicurista y pedicura","publisher":{"@id":"https:\/\/eanailsstudio.com\/#organization"},"potentialAction":[{"@type":"SearchAction","target":{"@type":"EntryPoint","urlTemplate":"https:\/\/eanailsstudio.com\/?s={search_term_string}"},"query-input":{"@type":"PropertyValueSpecification","valueRequired":true,"valueName":"search_term_string"}}],"inLanguage":"en-GB"},{"@type":"Organization","@id":"https:\/\/eanailsstudio.com\/#organization","name":"E.A Nails Studio","url":"https:\/\/eanailsstudio.com\/","logo":{"@type":"ImageObject","inLanguage":"en-GB","@id":"https:\/\/eanailsstudio.com\/#\/schema\/logo\/image\/","url":"https:\/\/eanailsstudio.com\/wp-content\/uploads\/2024\/10\/cropped-cropped-logo-E.A-Nails-studio.png","contentUrl":"https:\/\/eanailsstudio.com\/wp-content\/uploads\/2024\/10\/cropped-cropped-logo-E.A-Nails-studio.png","width":512,"height":406,"caption":"E.A Nails Studio"},"image":{"@id":"https:\/\/eanailsstudio.com\/#\/schema\/logo\/image\/"}}]}},"_links":{"self":[{"href":"https:\/\/eanailsstudio.com\/en\/wp-json\/wp\/v2\/pages\/2","targetHints":{"allow":["GET"]}}],"collection":[{"href":"https:\/\/eanailsstudio.com\/en\/wp-json\/wp\/v2\/pages"}],"about":[{"href":"https:\/\/eanailsstudio.com\/en\/wp-json\/wp\/v2\/types\/page"}],"author":[{"embeddable":true,"href":"https:\/\/eanailsstudio.com\/en\/wp-json\/wp\/v2\/users\/1"}],"replies":[{"embeddable":true,"href":"https:\/\/eanailsstudio.com\/en\/wp-json\/wp\/v2\/comments?post=2"}],"version-history":[{"count":57,"href":"https:\/\/eanailsstudio.com\/en\/wp-json\/wp\/v2\/pages\/2\/revisions"}],"predecessor-version":[{"id":1653,"href":"https:\/\/eanailsstudio.com\/en\/wp-json\/wp\/v2\/pages\/2\/revisions\/1653"}],"wp:attachment":[{"href":"https:\/\/eanailsstudio.com\/en\/wp-json\/wp\/v2\/media?parent=2"}],"curies":[{"name":"wp","href":"https:\/\/api.w.org\/{rel}","templated":true}]}}